{"id":54,"date":"2025-02-05T01:31:14","date_gmt":"2025-02-05T00:31:14","guid":{"rendered":"https:\/\/www.zws8.de\/wordpress\/?page_id=54"},"modified":"2025-02-05T01:35:53","modified_gmt":"2025-02-05T00:35:53","slug":"impressum","status":"publish","type":"page","link":"https:\/\/www.zws8.de\/wordpress\/?page_id=54","title":{"rendered":"Impressum"},"content":{"rendered":"\n<p>Bitte auch die&nbsp;<a href=\"https:\/\/www.zws8.de\/wordpress\/?page_id=59\" data-type=\"page\" data-id=\"59\">Datenschutzerkl\u00e4rung&nbsp;<\/a>beachten.<\/p>\n\n\n\n<p><strong>Inhaltlich Verantwortlicher gem\u00e4\u00df \u00a75 TMG:<\/strong><br>Name: Alexander C. Wei\u00df<br>Adresse: Zum Wei\u00dfen Stein 8, 35510 Butzbach-Ebersg\u00f6ns<br>E-Mail: <a href=\"https:\/\/www.zws8.de\/wordpress\/?page_id=62\" data-type=\"page\" data-id=\"62\">Kontaktformular<\/a><\/p>\n\n\n\n<p><strong>Inhaltlich Verantwortlicher gem\u00e4\u00df \u00a755 RStV (V. i. S. d. P.):<\/strong><br>Name: Alexander C. Wei\u00df<br>Adresse: Zum Wei\u00dfen Stein 8, 35510 Butzbach-Ebersg\u00f6ns<br>E-Mail: <a href=\"https:\/\/www.zws8.de\/wordpress\/?page_id=62\" data-type=\"page\" data-id=\"62\">Kontaktformular<\/a><\/p>\n\n\n\n<p><strong>Haftung f\u00fcr Inhalte:<\/strong><br>Die Inhalte unserer Seiten wurden mit gr\u00f6\u00dfter Sorgfalt und bestem Gewissen erstellt. F\u00fcr die Richtigkeit, Vollst\u00e4ndigkeit und Aktualit\u00e4t der bereitgestellten Seiten und Inhalte k\u00f6nnen wir jedoch keine Gew\u00e4hr \u00fcbernehmen. Als Diensteanbieter sind wir gem\u00e4\u00df \u00a7 7 Abs.1 TMG f\u00fcr eigene Inhalte auf diesen Seiten nach den allgemeinen Gesetzen verantwortlich. Nach \u00a7\u00a7 8 bis 10 TMG sind wir als Diensteanbieter jedoch nicht verpflichtet, \u00fcbermittelte oder gespeicherte fremde Informationen zu \u00fcberwachen oder nach Umst\u00e4nden zu forschen, die auf eine rechtswidrige T\u00e4tigkeit hinweisen. Verpflichtungen zur Entfernung oder Sperrung der Nutzung von Informationen nach den allgemeinen Gesetzen bleiben hiervon unber\u00fchrt. Eine diesbez\u00fcgliche Haftung ist jedoch erst ab dem Zeitpunkt der Kenntnis einer konkreten Rechtsverletzung m\u00f6glich. Bei Bekanntwerden von entsprechenden Rechtsverletzungen werden wir entsprechende Inhalte und Links umgehend entfernen.<\/p>\n\n\n\n<p><strong>Haftung f\u00fcr Links:<\/strong><br>Unser Angebot enth\u00e4lt ggf. Links zu externen Webseiten Dritter, auf deren Inhalte wir keinen Einfluss haben. Aus diesem Grund k\u00f6nnen wir f\u00fcr diese Inhalte auch keine Gew\u00e4hr \u00fcbernehmen. F\u00fcr die Inhalte der verlinkten Seiten ist stets der jeweilige Anbieter oder Betreiber der Seiten verantwortlich. Die verlinkten Seiten wurden zum Zeitpunkt der Verlinkung auf m\u00f6gliche Rechtsverst\u00f6\u00dfe \u00fcberpr\u00fcft. Rechtswidrige Inhalte waren zum Zeitpunkt der Verlinkung nicht erkennbar. Eine permanente inhaltliche Kontrolle der verlinkten Seiten ist jedoch ohne konkrete Anhaltspunkte einer Rechtsverletzung nicht zumutbar. Bei Bekanntwerden von Rechtsverletzungen werden wir derartige Links umgehend entfernen.<\/p>\n\n\n\n<p><strong>Urheberrecht:<\/strong><br>Die auf der Website ver\u00f6ffentlichten Inhalte, Werke und bereitgestellten Informationen unterliegen dem deutschen Urheberrecht. Die Vervielf\u00e4ltigung, Bearbeitung, Verbreitung und jede Art der Verwertung au\u00dferhalb der Grenzen des Urheberrechtes bed\u00fcrfen der schriftlichen Zustimmung des jeweiligen Autors bzw. Erstellers.<\/p>\n\n\n\n<p>Downloads und Kopien dieser Seite sind nur f\u00fcr den pers\u00f6nlichen, nicht kommerziellen Gebrauch gestattet. Soweit die Inhalte auf dieser Seite nicht vom Betreiber erstellt wurden, werden die Urheberrechte Dritter beachtet. Insbesondere werden Inhalte Dritter als solche gekennzeichnet. Sollten Sie trotzdem auf eine Urheberrechtsverletzung aufmerksam werden, bitten wir um einen entsprechenden Hinweis. Bei Bekanntwerden von Rechtsverletzungen werden wir derartige Inhalte umgehend entfernen.<\/p>\n\n\n\n<p><strong>Quelle:&nbsp;<a href=\"http:\/\/e-recht24.de\/\" target=\"_blank\" rel=\"noreferrer noopener\">e-recht24.de<\/a><\/strong><\/p>\n","protected":false},"excerpt":{"rendered":"<p>Bitte auch die&nbsp;Datenschutzerkl\u00e4rung&nbsp;beachten. Inhaltlich Verantwortlicher gem\u00e4\u00df \u00a75 TMG:Name: Alexander C. Wei\u00dfAdresse: Zum Wei\u00dfen Stein 8, 35510 Butzbach-Ebersg\u00f6nsE-Mail: Kontaktformular Inhaltlich Verantwortlicher gem\u00e4\u00df \u00a755 RStV (V. i. S. d. P.):Name: Alexander C. Wei\u00dfAdresse: Zum Wei\u00dfen Stein 8, 35510 Butzbach-Ebersg\u00f6nsE-Mail: Kontaktformular Haftung f\u00fcr Inhalte:Die Inhalte unserer Seiten wurden mit gr\u00f6\u00dfter Sorgfalt und bestem Gewissen erstellt. F\u00fcr die Richtigkeit, [&hellip;]<\/p>\n","protected":false},"author":2,"featured_media":0,"parent":0,"menu_order":0,"comment_status":"closed","ping_status":"closed","template":"","meta":{"footnotes":""},"class_list":["post-54","page","type-page","status-publish","hentry"],"_links":{"self":[{"href":"https:\/\/www.zws8.de\/wordpress\/index.php?rest_route=\/wp\/v2\/pages\/54","targetHints":{"allow":["GET"]}}],"collection":[{"href":"https:\/\/www.zws8.de\/wordpress\/index.php?rest_route=\/wp\/v2\/pages"}],"about":[{"href":"https:\/\/www.zws8.de\/wordpress\/index.php?rest_route=\/wp\/v2\/types\/page"}],"author":[{"embeddable":true,"href":"https:\/\/www.zws8.de\/wordpress\/index.php?rest_route=\/wp\/v2\/users\/2"}],"replies":[{"embeddable":true,"href":"https:\/\/www.zws8.de\/wordpress\/index.php?rest_route=%2Fwp%2Fv2%2Fcomments&post=54"}],"version-history":[{"count":4,"href":"https:\/\/www.zws8.de\/wordpress\/index.php?rest_route=\/wp\/v2\/pages\/54\/revisions"}],"predecessor-version":[{"id":67,"href":"https:\/\/www.zws8.de\/wordpress\/index.php?rest_route=\/wp\/v2\/pages\/54\/revisions\/67"}],"wp:attachment":[{"href":"https:\/\/www.zws8.de\/wordpress\/index.php?rest_route=%2Fwp%2Fv2%2Fmedia&parent=54"}],"curies":[{"name":"wp","href":"https:\/\/api.w.org\/{rel}","templated":true}]}}